{"id":568,"date":"2018-10-22T09:25:28","date_gmt":"2018-10-22T09:25:28","guid":{"rendered":"http:\/\/kunstmale.de\/?page_id=568"},"modified":"2021-11-20T12:20:44","modified_gmt":"2021-11-20T12:20:44","slug":"2018-a4-lose-blaetter","status":"publish","type":"page","link":"https:\/\/kunstmale.de\/?page_id=568","title":{"rendered":"DIN A4 -&#8222;Albumbl\u00e4tter&#8220;"},"content":{"rendered":"<p>Es gibt es jetzt eine neue Rubrik: &#8222;Albumbl\u00e4tter&#8220; habe ich sie genannt. Hier sind ausschlie\u00dflich kleine Zeichnungen im DIN-A4 Format.<\/p>\nngg_shortcode_0_placeholder\n","protected":false},"excerpt":{"rendered":"<p>Es gibt es jetzt eine neue Rubrik: &#8222;Albumbl\u00e4tter&#8220; habe ich sie genannt. Hier sind ausschlie\u00dflich kleine Zeichnungen im DIN-A4 Format.<\/p>\n","protected":false},"author":1,"featured_media":0,"parent":0,"menu_order":0,"comment_status":"closed","ping_status":"closed","template":"","meta":{"ngg_post_thumbnail":0,"footnotes":""},"_links":{"self":[{"href":"https:\/\/kunstmale.de\/index.php?rest_route=\/wp\/v2\/pages\/568"}],"collection":[{"href":"https:\/\/kunstmale.de\/index.php?rest_route=\/wp\/v2\/pages"}],"about":[{"href":"https:\/\/kunstmale.de\/index.php?rest_route=\/wp\/v2\/types\/page"}],"author":[{"embeddable":true,"href":"https:\/\/kunstmale.de\/index.php?rest_route=\/wp\/v2\/users\/1"}],"replies":[{"embeddable":true,"href":"https:\/\/kunstmale.de\/index.php?rest_route=%2Fwp%2Fv2%2Fcomments&post=568"}],"version-history":[{"count":7,"href":"https:\/\/kunstmale.de\/index.php?rest_route=\/wp\/v2\/pages\/568\/revisions"}],"predecessor-version":[{"id":2239,"href":"https:\/\/kunstmale.de\/index.php?rest_route=\/wp\/v2\/pages\/568\/revisions\/2239"}],"wp:attachment":[{"href":"https:\/\/kunstmale.de\/index.php?rest_route=%2Fwp%2Fv2%2Fmedia&parent=568"}],"curies":[{"name":"wp","href":"https:\/\/api.w.org\/{rel}","templated":true}]}}