{"id":2356,"date":"2022-06-21T08:27:17","date_gmt":"2022-06-21T08:27:17","guid":{"rendered":"http:\/\/kunstmale.de\/?page_id=2356"},"modified":"2024-06-08T09:20:40","modified_gmt":"2024-06-08T09:20:40","slug":"golp-family","status":"publish","type":"page","link":"https:\/\/kunstmale.de\/?page_id=2356","title":{"rendered":"DIE GOLP FAMILY"},"content":{"rendered":"\n<p>Die Figuren der <strong>GOLP<sub>\u00ae <\/sub>FAMILY <\/strong>sind urspr\u00fcnglich f\u00fcr den Garten erschaffen worden, sie k\u00f6nnen aber auch sehr gut als Schmuck f\u00fcr die Wohnung oder z.B. f\u00fcr einen Wintergarten verwendet werden, sie eignen sich als originelles Geschenk und sind f\u00fcr unz\u00e4hlige weitere Verwendungen offen. <\/p>\n\n\n\n<figure class=\"wp-block-image size-large\"><img loading=\"lazy\" decoding=\"async\" width=\"1024\" height=\"309\" src=\"https:\/\/kunstmale.de\/wp-content\/uploads\/2022\/06\/vogelGolp-Patent-1024x309.jpg\" alt=\"\" class=\"wp-image-2372\" srcset=\"https:\/\/kunstmale.de\/wp-content\/uploads\/2022\/06\/vogelGolp-Patent-1024x309.jpg 1024w, https:\/\/kunstmale.de\/wp-content\/uploads\/2022\/06\/vogelGolp-Patent-300x90.jpg 300w, https:\/\/kunstmale.de\/wp-content\/uploads\/2022\/06\/vogelGolp-Patent-768x232.jpg 768w, https:\/\/kunstmale.de\/wp-content\/uploads\/2022\/06\/vogelGolp-Patent.jpg 1177w\" sizes=\"(max-width: 706px) 89vw, (max-width: 767px) 82vw, 740px\" \/><\/figure>\n\n\n\n<p>Die erste Figur dieser Serie entwickelte ich aus einer Bleistiftzeichnung, die Namensgebung entspringt einem spontanen Impuls. Aus den besonderen Eigenschaften der Figur, die bunte Farbgebung, die archaischen Zacken und die Mischung aus einem realen Tier und einem Fabelwesen, entwickelten sich in Laufe der Zeit weitere &#8222;Wesen&#8220;, die  aus einer vergangenen Zeit zu stammen scheinen. <\/p>\n\n\n\n<p>Die <strong>GOLP<sub>\u00ae<\/sub> FAMILY<\/strong> besteht bisher aus 11 farbenfrohen Figuren, auf Bestellung in <strong>Handarbeit <\/strong>erstellt und bemalt. Auch nach Ihrem pers\u00f6nlichen Wunsch. Es werden grunds\u00e4tzlich zwei Figurengr\u00f6\u00dfen unterschieden, alle Figuren k\u00f6nnen aber auch nach Ihren Gr\u00f6\u00dfenvorgaben erstellt werden. Die Farbgebung variiert, jede Figur ist ein Unikat. Alles nach pers\u00f6nlicher Absprache.<\/p>\n\n\n\n<p><\/p>\n\n\n\n<p>Nachfragen \u00fcber Mail: <a href=\"mailto:kowawa@web.de\">golp@walterkoehler.de<\/a> .<\/p>\n\n\n\n<figure class=\"wp-block-gallery has-nested-images columns-default is-cropped wp-block-gallery-1 is-layout-flex wp-block-gallery-is-layout-flex\">\n<figure class=\"wp-block-image size-large\"><img loading=\"lazy\" decoding=\"async\" width=\"1000\" height=\"630\" data-id=\"2366\" src=\"https:\/\/kunstmale.de\/wp-content\/uploads\/2022\/06\/spatz1000.jpg\" alt=\"\" class=\"wp-image-2366\" srcset=\"https:\/\/kunstmale.de\/wp-content\/uploads\/2022\/06\/spatz1000.jpg 1000w, https:\/\/kunstmale.de\/wp-content\/uploads\/2022\/06\/spatz1000-300x189.jpg 300w, https:\/\/kunstmale.de\/wp-content\/uploads\/2022\/06\/spatz1000-768x484.jpg 768w\" sizes=\"(max-width: 706px) 89vw, (max-width: 767px) 82vw, 740px\" \/><\/figure>\n\n\n\n<figure class=\"wp-block-image size-large\"><img loading=\"lazy\" decoding=\"async\" width=\"1024\" height=\"766\" data-id=\"2365\" src=\"https:\/\/kunstmale.de\/wp-content\/uploads\/2022\/06\/20210424_175121-1024x766.jpg\" alt=\"\" class=\"wp-image-2365\" srcset=\"https:\/\/kunstmale.de\/wp-content\/uploads\/2022\/06\/20210424_175121-1024x766.jpg 1024w, https:\/\/kunstmale.de\/wp-content\/uploads\/2022\/06\/20210424_175121-300x224.jpg 300w, https:\/\/kunstmale.de\/wp-content\/uploads\/2022\/06\/20210424_175121-768x575.jpg 768w, https:\/\/kunstmale.de\/wp-content\/uploads\/2022\/06\/20210424_175121.jpg 1152w\" sizes=\"(max-width: 706px) 89vw, (max-width: 767px) 82vw, 740px\" \/><\/figure>\n\n\n\n<figure class=\"wp-block-image size-large\"><img loading=\"lazy\" decoding=\"async\" width=\"1000\" height=\"667\" data-id=\"2364\" src=\"https:\/\/kunstmale.de\/wp-content\/uploads\/2022\/06\/giraffe1-big.jpg\" alt=\"\" class=\"wp-image-2364\" srcset=\"https:\/\/kunstmale.de\/wp-content\/uploads\/2022\/06\/giraffe1-big.jpg 1000w, https:\/\/kunstmale.de\/wp-content\/uploads\/2022\/06\/giraffe1-big-300x200.jpg 300w, https:\/\/kunstmale.de\/wp-content\/uploads\/2022\/06\/giraffe1-big-768x512.jpg 768w\" sizes=\"(max-width: 706px) 89vw, (max-width: 767px) 82vw, 740px\" \/><\/figure>\n\n\n\n<figure class=\"wp-block-image size-large\"><img loading=\"lazy\" decoding=\"async\" width=\"1000\" height=\"667\" data-id=\"2363\" src=\"https:\/\/kunstmale.de\/wp-content\/uploads\/2022\/06\/gruppenfoto1000.jpg\" alt=\"\" class=\"wp-image-2363\" srcset=\"https:\/\/kunstmale.de\/wp-content\/uploads\/2022\/06\/gruppenfoto1000.jpg 1000w, https:\/\/kunstmale.de\/wp-content\/uploads\/2022\/06\/gruppenfoto1000-300x200.jpg 300w, https:\/\/kunstmale.de\/wp-content\/uploads\/2022\/06\/gruppenfoto1000-768x512.jpg 768w\" sizes=\"(max-width: 706px) 89vw, (max-width: 767px) 82vw, 740px\" \/><\/figure>\n\n\n\n<figure class=\"wp-block-image size-large\"><img loading=\"lazy\" decoding=\"async\" width=\"1000\" height=\"929\" data-id=\"2361\" src=\"https:\/\/kunstmale.de\/wp-content\/uploads\/2022\/06\/vogelbaum1.jpg\" alt=\"\" class=\"wp-image-2361\" srcset=\"https:\/\/kunstmale.de\/wp-content\/uploads\/2022\/06\/vogelbaum1.jpg 1000w, https:\/\/kunstmale.de\/wp-content\/uploads\/2022\/06\/vogelbaum1-300x279.jpg 300w, https:\/\/kunstmale.de\/wp-content\/uploads\/2022\/06\/vogelbaum1-768x713.jpg 768w\" sizes=\"(max-width: 706px) 89vw, (max-width: 767px) 82vw, 740px\" \/><\/figure>\n\n\n\n<figure class=\"wp-block-image size-large\"><img loading=\"lazy\" decoding=\"async\" width=\"1024\" height=\"768\" data-id=\"2362\" src=\"https:\/\/kunstmale.de\/wp-content\/uploads\/2022\/06\/20210505_132908-1024x768.jpg\" alt=\"\" class=\"wp-image-2362\" srcset=\"https:\/\/kunstmale.de\/wp-content\/uploads\/2022\/06\/20210505_132908-1024x768.jpg 1024w, https:\/\/kunstmale.de\/wp-content\/uploads\/2022\/06\/20210505_132908-300x225.jpg 300w, https:\/\/kunstmale.de\/wp-content\/uploads\/2022\/06\/20210505_132908-768x576.jpg 768w, https:\/\/kunstmale.de\/wp-content\/uploads\/2022\/06\/20210505_132908-1536x1152.jpg 1536w, https:\/\/kunstmale.de\/wp-content\/uploads\/2022\/06\/20210505_132908-2048x1536.jpg 2048w\" sizes=\"(max-width: 706px) 89vw, (max-width: 767px) 82vw, 740px\" \/><\/figure>\n\n\n\n<figure class=\"wp-block-image size-large\"><img loading=\"lazy\" decoding=\"async\" width=\"1024\" height=\"683\" data-id=\"2388\" src=\"https:\/\/kunstmale.de\/wp-content\/uploads\/2022\/06\/IMG_0275-1024x683.jpg\" alt=\"\" class=\"wp-image-2388\" srcset=\"https:\/\/kunstmale.de\/wp-content\/uploads\/2022\/06\/IMG_0275-1024x683.jpg 1024w, https:\/\/kunstmale.de\/wp-content\/uploads\/2022\/06\/IMG_0275-300x200.jpg 300w, https:\/\/kunstmale.de\/wp-content\/uploads\/2022\/06\/IMG_0275-768x512.jpg 768w, https:\/\/kunstmale.de\/wp-content\/uploads\/2022\/06\/IMG_0275-1536x1024.jpg 1536w, https:\/\/kunstmale.de\/wp-content\/uploads\/2022\/06\/IMG_0275-2048x1365.jpg 2048w\" sizes=\"(max-width: 706px) 89vw, (max-width: 767px) 82vw, 740px\" \/><\/figure>\n\n\n\n<figure class=\"wp-block-image size-large\"><img loading=\"lazy\" decoding=\"async\" width=\"1024\" height=\"683\" data-id=\"2391\" src=\"https:\/\/kunstmale.de\/wp-content\/uploads\/2022\/06\/IMG_0299-1024x683.jpg\" alt=\"\" class=\"wp-image-2391\" srcset=\"https:\/\/kunstmale.de\/wp-content\/uploads\/2022\/06\/IMG_0299-1024x683.jpg 1024w, https:\/\/kunstmale.de\/wp-content\/uploads\/2022\/06\/IMG_0299-300x200.jpg 300w, https:\/\/kunstmale.de\/wp-content\/uploads\/2022\/06\/IMG_0299-768x512.jpg 768w, https:\/\/kunstmale.de\/wp-content\/uploads\/2022\/06\/IMG_0299-1536x1024.jpg 1536w, https:\/\/kunstmale.de\/wp-content\/uploads\/2022\/06\/IMG_0299-2048x1365.jpg 2048w\" sizes=\"(max-width: 706px) 89vw, (max-width: 767px) 82vw, 740px\" \/><\/figure>\n\n\n\n<figure class=\"wp-block-image size-large\"><img loading=\"lazy\" decoding=\"async\" width=\"1024\" height=\"683\" data-id=\"2390\" src=\"https:\/\/kunstmale.de\/wp-content\/uploads\/2022\/06\/IMG_0290-1024x683.jpg\" alt=\"\" class=\"wp-image-2390\" srcset=\"https:\/\/kunstmale.de\/wp-content\/uploads\/2022\/06\/IMG_0290-1024x683.jpg 1024w, https:\/\/kunstmale.de\/wp-content\/uploads\/2022\/06\/IMG_0290-300x200.jpg 300w, https:\/\/kunstmale.de\/wp-content\/uploads\/2022\/06\/IMG_0290-768x512.jpg 768w, https:\/\/kunstmale.de\/wp-content\/uploads\/2022\/06\/IMG_0290-1536x1024.jpg 1536w, https:\/\/kunstmale.de\/wp-content\/uploads\/2022\/06\/IMG_0290-2048x1365.jpg 2048w\" sizes=\"(max-width: 706px) 89vw, (max-width: 767px) 82vw, 740px\" \/><\/figure>\n<\/figure>\n\n\n\n<p><\/p>\n","protected":false},"excerpt":{"rendered":"<p>Die Figuren der GOLP\u00ae FAMILY sind urspr\u00fcnglich f\u00fcr den Garten erschaffen worden, sie k\u00f6nnen aber auch sehr gut als Schmuck f\u00fcr die Wohnung oder z.B. f\u00fcr einen Wintergarten verwendet werden, sie eignen sich als originelles Geschenk und sind f\u00fcr unz\u00e4hlige weitere Verwendungen offen. Die erste Figur dieser Serie entwickelte ich aus einer Bleistiftzeichnung, die Namensgebung &hellip; <\/p>\n<p class=\"link-more\"><a href=\"https:\/\/kunstmale.de\/?page_id=2356\" class=\"more-link\"><span class=\"screen-reader-text\">\u201eDIE GOLP FAMILY\u201c<\/span> weiterlesen<\/a><\/p>\n","protected":false},"author":1,"featured_media":2386,"parent":0,"menu_order":0,"comment_status":"closed","ping_status":"closed","template":"","meta":{"ngg_post_thumbnail":0,"footnotes":""},"_links":{"self":[{"href":"https:\/\/kunstmale.de\/index.php?rest_route=\/wp\/v2\/pages\/2356"}],"collection":[{"href":"https:\/\/kunstmale.de\/index.php?rest_route=\/wp\/v2\/pages"}],"about":[{"href":"https:\/\/kunstmale.de\/index.php?rest_route=\/wp\/v2\/types\/page"}],"author":[{"embeddable":true,"href":"https:\/\/kunstmale.de\/index.php?rest_route=\/wp\/v2\/users\/1"}],"replies":[{"embeddable":true,"href":"https:\/\/kunstmale.de\/index.php?rest_route=%2Fwp%2Fv2%2Fcomments&post=2356"}],"version-history":[{"count":11,"href":"https:\/\/kunstmale.de\/index.php?rest_route=\/wp\/v2\/pages\/2356\/revisions"}],"predecessor-version":[{"id":2451,"href":"https:\/\/kunstmale.de\/index.php?rest_route=\/wp\/v2\/pages\/2356\/revisions\/2451"}],"wp:featuredmedia":[{"embeddable":true,"href":"https:\/\/kunstmale.de\/index.php?rest_route=\/wp\/v2\/media\/2386"}],"wp:attachment":[{"href":"https:\/\/kunstmale.de\/index.php?rest_route=%2Fwp%2Fv2%2Fmedia&parent=2356"}],"curies":[{"name":"wp","href":"https:\/\/api.w.org\/{rel}","templated":true}]}}